{"id":3,"date":"2025-08-21T01:57:14","date_gmt":"2025-08-20T23:57:14","guid":{"rendered":"https:\/\/goldivia.com\/?page_id=3"},"modified":"2025-10-01T20:35:05","modified_gmt":"2025-10-01T18:35:05","slug":"politique-de-confidentialite","status":"publish","type":"page","link":"https:\/\/goldivia.com\/ar\/politique-de-confidentialite\/","title":{"rendered":"\u0627\u0644\u0634\u0631\u0648\u0637 \u0627\u0644\u0639\u0627\u0645\u0629 \u0644\u0644\u0628\u064a\u0639 \u0648\u0633\u064a\u0627\u0633\u0629 \u0627\u0644\u062e\u0635\u0648\u0635\u064a\u0629"},"content":{"rendered":"<div data-elementor-type=\"wp-page\" data-elementor-id=\"3\" class=\"elementor elementor-3\">\n\t\t\t\t<div class=\"wd-negative-gap elementor-element elementor-element-79751de8 e-flex e-con-boxed e-con e-parent\" data-id=\"79751de8\" data-element_type=\"container\" data-e-type=\"container\">\n\t\t\t\t\t<div class=\"e-con-inner\">\n\t\t\t\t<div class=\"elementor-element elementor-element-78d181e8 color-scheme-inherit text-left elementor-widget elementor-widget-text-editor\" data-id=\"78d181e8\" data-element_type=\"widget\" data-e-type=\"widget\" data-widget_type=\"text-editor.default\">\n\t\t\t\t\t\t\t\t\t\n<h2 class=\"wp-block-heading\">1. \u0627\u0644\u0625\u0634\u0639\u0627\u0631\u0627\u062a \u0627\u0644\u0642\u0627\u0646\u0648\u0646\u064a\u0629<\/h2>\n\n<p>Goldivia.com \u064a\u062a\u0645 \u062a\u0634\u063a\u064a\u0644 <br>\nGoldivia \u0628\u0648\u0627\u0633\u0637\u0629 <br><\/p>\n<p class=\"translation-block\">\u0627\u0644\u0646\u0634\u0627\u0637: \u0628\u064a\u0639 \u0627\u0644\u0645\u0646\u062a\u062c\u0627\u062a \u0627\u0644\u0637\u0628\u064a\u0639\u064a\u0629 \u0648\u0627\u0644\u0639\u0636\u0648\u064a\u0629 (\u0627\u0644\u0639\u0633\u0644\u060c \u0632\u064a\u062a \u0627\u0644\u0623\u0631\u0643\u0627\u0646\u060c \u0627\u0644\u0645\u0648\u0627\u062f \u0627\u0644\u062f\u0647\u0646\u064a\u0629\u060c \u0625\u0644\u062e.)<br> Lotissement Admime, Bloc C N\u00b0100, 80150 A\u00eft Melloul, Morocco<br>\n (+212) 661-877 632<br>\n info@goldivia.com<br>\nwww.goldivia.com <br>\u0631\u0642\u0645 \u0627\u0644\u0633\u062c\u0644 \u0627\u0644\u062a\u062c\u0627\u0631\u064a: 30017\u060c \u0645\u062d\u0643\u0645\u0629 \u0625\u0646\u0632\u0643\u0627\u0646<\/p>\n<p>\u0625\u0646 \u0623\u064a \u0627\u0633\u062a\u062e\u062f\u0627\u0645 \u0644\u0647\u0630\u0627 \u0627\u0644\u0645\u0648\u0642\u0639 \u064a\u0639\u0646\u064a \u0642\u0628\u0648\u0644\u064b\u0627 \u063a\u064a\u0631 \u0645\u0634\u0631\u0648\u0637 \u0644\u0647\u0630\u0647 \u0627\u0644\u0634\u0631\u0648\u0637<\/p>\n\n<h2 class=\"wp-block-heading\">2. \u0627\u0644\u0634\u0631\u0648\u0637 \u0627\u0644\u0639\u0627\u0645\u0629 \u0644\u0644\u0628\u064a\u0639<\/h2>\n\n<p class=\"translation-block\"><strong class=\"privacy-policy-tutorial\">\u0627\u0644\u0645\u0646\u062a\u062c\u0627\u062a: <\/strong>\u064a\u062a\u0645 \u0648\u0635\u0641 \u0627\u0644\u0645\u0646\u062a\u062c\u0627\u062a \u0627\u0644\u0645\u0639\u0631\u0648\u0636\u0629 \u0639\u0644\u0649 \u0627\u0644\u0645\u0648\u0642\u0639 \u0645\u0639 \u062e\u0635\u0627\u0626\u0635\u0647\u0627 \u0627\u0644\u0623\u0633\u0627\u0633\u064a\u0629 \u0648\u0647\u064a \u0645\u062a\u0648\u0641\u0631\u0629 \u0637\u0627\u0644\u0645\u0627 \u0627\u0633\u062a\u0645\u0631\u062a \u0627\u0644\u0645\u062e\u0632\u0648\u0646\u0627\u062a<\/p>\n<p class=\"translation-block\"><strong class=\"privacy-policy-tutorial\">\u0627\u0644\u0637\u0644\u0628: <\/strong>\u0627\u0637\u0644\u0628 \u0639\u0628\u0631 \u0627\u0644\u0625\u0646\u062a\u0631\u0646\u062a \u0645\u0646 \u062e\u0644\u0627\u0644 <br>\nGoldivia.com<br>\u064a\u062c\u0628 \u062a\u0642\u062f\u064a\u0645 \u0645\u0639\u0644\u0648\u0645\u0627\u062a \u062f\u0642\u064a\u0642\u0629: \u0627\u0644\u0627\u0633\u0645 \u0648\u0627\u0644\u0639\u0646\u0648\u0627\u0646 \u0648\u0631\u0642\u0645 \u0627\u0644\u0647\u0627\u062a\u0641 \u0648\u0627\u0644\u0628\u0631\u064a\u062f \u0627\u0644\u0625\u0644\u0643\u062a\u0631\u0648\u0646\u064a<br>\u064a\u0635\u0628\u062d \u0627\u0644\u0637\u0644\u0628 \u0646\u0647\u0627\u0626\u064a\u064b\u0627 \u0628\u0639\u062f \u0627\u0644\u062a\u062d\u0642\u0642 \u0648\u0627\u0644\u062a\u0623\u0643\u064a\u062f<br>\u0642\u062f \u062a\u0631\u0641\u0636 \u0627\u0644\u0637\u0644\u0628 \u0644\u0623\u0633\u0628\u0627\u0628 \u0645\u0634\u0631\u0648\u0639\u0629<\/p>\n<p><strong class=\"privacy-policy-tutorial\">: \u0627\u0644\u0633\u0639\u0631 \u0648\u0627\u0644\u062f\u0641\u0639\u00a0<\/strong><\/p>\n<p class=\"translation-block\">\u0627\u0644\u0633\u0639\u0631 \u0628\u0627\u0644\u062f\u0631\u0647\u0645 \u0627\u0644\u0645\u063a\u0631\u0628\u064a\u060c \u0628\u0645\u0627 \u0641\u064a \u0630\u0644\u0643 \u0627\u0644\u0636\u0631\u064a\u0628\u0629.<br>\u0627\u0644\u062a\u0648\u0635\u064a\u0644 \u0625\u0644\u0649 \u0627\u0644\u0645\u063a\u0631\u0628: 35 \u062f\u0631\u0647\u0645\u064b\u0627 \u0645\u063a\u0631\u0628\u064a\u064b\u0627 \u0633\u0639\u0631\u064b\u0627 \u062b\u0627\u0628\u062a\u064b\u0627<\/p>\n<p>(COD) \u0637\u0631\u064a\u0642\u0629 \u0627\u0644\u062f\u0641\u0639: \u0627\u0644\u062f\u0641\u0639 \u0639\u0646\u062f \u0627\u0644\u0627\u0633\u062a\u0644\u0627\u0645<\/p>\n<p class=\"translation-block\"><strong class=\"privacy-policy-tutorial\">\u0627\u0644\u062a\u0648\u0635\u064a\u0644: <\/strong>\u0627\u0644\u0645\u063a\u0631\u0628, \u0645\u0646 24 \u0625\u0644\u0649 72 \u0633\u0627\u0639\u0629 \u062d\u0633\u0628 \u0627\u0644\u0645\u0646\u0637\u0642\u0629<br>\u0627\u0644\u062a\u0648\u0635\u064a\u0644 \u0627\u0644\u062f\u0648\u0644\u064a: \u0633\u064a\u062a\u0645 \u0625\u0628\u0644\u0627\u063a\u0643 \u0628\u0627\u0644\u062a\u0643\u0627\u0644\u064a\u0641 \u0648\u0645\u0648\u0627\u0639\u064a\u062f \u0627\u0644\u062a\u0648\u0635\u064a\u0644 \u0642\u0628\u0644 \u0627\u0644\u062a\u062d\u0642\u0642. \u0627\u0644\u0631\u0633\u0648\u0645 \u0627\u0644\u062c\u0645\u0631\u0643\u064a\u0629 \u0623\u0648 \u0627\u0644\u0636\u0631\u0627\u0626\u0628 \u0627\u0644\u0645\u062d\u0644\u064a\u0629 \u062a\u0642\u0639 \u0639\u0644\u0649 \u0639\u0627\u062a\u0642 \u0627\u0644\u0639\u0645\u064a\u0644<\/p>\n<p class=\"translation-block\"><strong class=\"privacy-policy-tutorial\">\u062d\u0642 \u0627\u0644\u0627\u0646\u0633\u062d\u0627\u0628 \u0648\u0627\u0644\u0625\u0631\u062c\u0627\u0639: <\/strong>\u0627\u0644\u0645\u0648\u0639\u062f \u0627\u0644\u0646\u0647\u0627\u0626\u064a: 7 \u0623\u064a\u0627\u0645 \u0645\u0646 \u062a\u0627\u0631\u064a\u062e \u0627\u0644\u0627\u0633\u062a\u0644\u0627\u0645<br>\u064a\u062a\u0645 \u0625\u0631\u062c\u0627\u0639 \u0627\u0644\u0645\u0646\u062a\u062c\u0627\u062a \u0641\u064a \u062d\u0627\u0644\u062a\u0647\u0627 \u0627\u0644\u0623\u0635\u0644\u064a\u0629 \u0648\u062a\u063a\u0644\u064a\u0641\u0647\u0627<br>\u064a\u062a\u062d\u0645\u0644 \u0627\u0644\u0645\u0634\u062a\u0631\u064a \u062a\u0643\u0627\u0644\u064a\u0641 \u0627\u0644\u0625\u0631\u062c\u0627\u0639 \u0645\u0627 \u0644\u0645 \u064a\u0643\u0646 \u0647\u0646\u0627\u0643 \u062e\u0637\u0623 \u0645\u0646 \u062c\u0627\u0646\u0628 \u062c\u0648\u0644\u062f\u064a\u0641\u064a\u0627<br>\u0627\u0633\u062a\u0631\u062f\u0627\u062f \u0627\u0644\u0623\u0645\u0648\u0627\u0644 \u0623\u0648 \u0627\u0644\u0627\u0633\u062a\u0628\u062f\u0627\u0644 \u062e\u0644\u0627\u0644 14 \u064a\u0648\u0645\u064b\u0627 \u0645\u0646 \u062a\u0627\u0631\u064a\u062e \u0627\u0644\u0627\u0633\u062a\u0644\u0627\u0645<\/p>\n<p class=\"translation-block\"><strong class=\"privacy-policy-tutorial\">\u0627\u0644\u0645\u0633\u0624\u0648\u0644\u064a\u0629: <\/strong> \u062a\u0636\u0645\u0646 \u0634\u0631\u0643\u062a\u0646\u0627 \u0645\u0637\u0627\u0628\u0642\u0629 \u0627\u0644\u0645\u0646\u062a\u062c<br>\u0644\u0627 \u062a\u062a\u062d\u0645\u0644 \u0627\u0644\u0645\u0633\u0624\u0648\u0644\u064a\u0629 \u0641\u064a \u062d\u0627\u0644\u0629 \u0633\u0648\u0621 \u0627\u0644\u0627\u0633\u062a\u062e\u062f\u0627\u0645 \u0623\u0648 \u0627\u0644\u0642\u0648\u0629 \u0627\u0644\u0642\u0627\u0647\u0631\u0629<\/p>\n<p class=\"translation-block\"><strong class=\"privacy-policy-tutorial\">\u0627\u0644\u0645\u0644\u0643\u064a\u0629 \u0627\u0644\u0641\u0643\u0631\u064a\u0629: <\/strong> \u062c\u0645\u064a\u0639 \u0645\u062d\u062a\u0648\u064a\u0627\u062a \u0647\u0630\u0627 \u0627\u0644\u0645\u0648\u0642\u0639 \u0645\u062d\u0645\u064a\u0629. \u064a\u064f\u062d\u0638\u0631\u0623\u064a \u0646\u0633\u062e \u062f\u0648\u0646 \u0625\u0630\u0646<\/p>\n\n<h2 class=\"wp-block-heading\">3. \u0633\u064a\u0627\u0633\u0629 \u0627\u0644\u062e\u0635\u0648\u0635\u064a\u0629<\/h2>\n\n<p class=\"translation-block\"><strong class=\"privacy-policy-tutorial\">\u0627\u0644\u0628\u064a\u0627\u0646\u0627\u062a \u0627\u0644\u062a\u064a \u062a\u0645 \u062c\u0645\u0639\u0647\u0627: <\/strong>\u0627\u0644\u0645\u0639\u0644\u0648\u0645\u0627\u062a \u0627\u0644\u0634\u062e\u0635\u064a\u0629: \u0627\u0644\u0627\u0633\u0645 \u0627\u0644\u0623\u062e\u064a\u0631\u060c \u0627\u0644\u0627\u0633\u0645 \u0627\u0644\u0623\u0648\u0644\u060c \u0627\u0644\u0639\u0646\u0648\u0627\u0646\u060c \u0627\u0644\u0628\u0631\u064a\u062f \u0627\u0644\u0625\u0644\u0643\u062a\u0631\u0648\u0646\u064a\u060c \u0631\u0642\u0645 \u0627\u0644\u0647\u0627\u062a\u0641<br>\u0645\u0639\u0644\u0648\u0645\u0627\u062a \u0627\u0644\u062f\u0641\u0639: \u064a\u062a\u0645 \u0625\u062f\u0627\u0631\u062a\u0647\u0627 \u0628\u0634\u0643\u0644 \u0622\u0645\u0646 \u0645\u0646 \u0642\u0628\u0644 \u0645\u0642\u062f\u0645\u064a \u0627\u0644\u062e\u062f\u0645\u0629<br>\u0628\u064a\u0627\u0646\u0627\u062a \u0627\u0644\u062a\u0635\u0641\u062d: \u0645\u0644\u0641\u0627\u062a \u062a\u0639\u0631\u064a\u0641 \u0627\u0644\u0627\u0631\u062a\u0628\u0627\u0637\u060c \u0625\u0628\u060c \u0627\u0644\u062a\u062d\u0644\u064a\u0644\u0627\u062a<\/p>\n<p class=\"translation-block\"><strong class=\"privacy-policy-tutorial\">\u0627\u0644\u063a\u0631\u0636: <\/strong>\u0645\u0639\u0627\u0644\u062c\u0629 \u0627\u0644\u0637\u0644\u0628\u0627\u062a \u0648\u062a\u0633\u0644\u064a\u0645\u0647\u0627<\/p>\n<p class=\"translation-block\">\u0625\u0628\u0644\u0627\u063a \u0639\u0646 \u062d\u0627\u0644\u0629 \u0627\u0644\u0637\u0644\u0628\u0627\u062a \u0648\u0627\u0644\u062a\u0633\u0644\u064a\u0645\u0627\u062a<br>\u0625\u0631\u0633\u0627\u0644 \u0627\u0644\u0639\u0631\u0648\u0636 \u0623\u0648 \u0627\u0644\u0646\u0634\u0631\u0627\u062a \u0627\u0644\u0625\u062e\u0628\u0627\u0631\u064a\u0629 \u0625\u0630\u0627 \u062a\u0645 \u0645\u0646\u062d \u0627\u0644\u0645\u0648\u0627\u0641\u0642\u0629<br>\u062a\u062d\u0644\u064a\u0644 \u062d\u0631\u0643\u0629 \u0627\u0644\u0645\u0631\u0648\u0631 \u0648\u062a\u062d\u0633\u064a\u0646 \u0627\u0644\u062a\u062c\u0631\u0628\u0629<\/p>\n<p class=\"translation-block\"><strong class=\"privacy-policy-tutorial\">\u0645\u0634\u0627\u0631\u0643\u0629 \u0627\u0644\u0628\u064a\u0627\u0646\u0627\u062a:<\/strong> \u0645\u0639 \u0645\u0642\u062f\u0645\u064a \u062e\u062f\u0645\u0627\u062a \u0627\u0644\u062a\u0648\u0635\u064a\u0644 \u0648\u0627\u0644\u062f\u0641\u0639<br>\u0645\u0639 \u0627\u0644\u0633\u0644\u0637\u0627\u062a \u0627\u0644\u0645\u062e\u062a\u0635\u0629 \u0625\u0630\u0627 \u0643\u0627\u0646 \u0627\u0644\u0642\u0627\u0646\u0648\u0646 \u064a\u062a\u0637\u0644\u0628 \u0630\u0644\u0643<br>\u0644\u0627 \u064a\u062a\u0645 \u0628\u064a\u0639\u0647\u0627 \u0623\u0648 \u062a\u0623\u062c\u064a\u0631\u0647\u0627 \u0644\u0623\u0637\u0631\u0627\u0641 \u062b\u0627\u0644\u062b\u0629 \u0623\u0628\u062f\u064b\u0627<\/p>\n<p class=\"translation-block\"><strong class=\"privacy-policy-tutorial\">\u0645\u0644\u0641\u0627\u062a \u062a\u0639\u0631\u064a\u0641 \u0627\u0644\u0627\u0631\u062a\u0628\u0627\u0637: <\/strong>\u062a\u0633\u0647\u064a\u0644 \u0627\u0644\u062a\u0635\u0641\u062d \u0648\u0627\u0644\u062a\u062d\u0644\u064a\u0644\u0627\u062a \u0648\u0627\u0644\u0625\u0639\u0644\u0627\u0646\u0627\u062a \u0627\u0644\u0645\u0633\u062a\u0647\u062f\u0641\u0629<br>\u064a\u0645\u0643\u0646 \u0625\u062f\u0627\u0631\u062a\u0647\u0627\/\u062a\u0639\u0637\u064a\u0644\u0647\u0627 \u0641\u064a \u0627\u0644\u0645\u062a\u0635\u0641\u062d<\/p>\n<p class=\"translation-block\"><strong class=\"privacy-policy-tutorial\">\u0627\u0644\u0623\u0645\u0627\u0646: <\/strong>\u0627\u0644\u062a\u062f\u0627\u0628\u064a\u0631 \u0627\u0644\u0645\u062a\u062e\u0630\u0629 \u0644\u062d\u0645\u0627\u064a\u0629 \u0628\u064a\u0627\u0646\u0627\u062a\u0643 \u0645\u0646 \u0627\u0644\u0636\u064a\u0627\u0639 \u0623\u0648 \u0627\u0644\u0648\u0635\u0648\u0644 \u063a\u064a\u0631 \u0627\u0644\u0645\u0635\u0631\u062d \u0628\u0647 \u0623\u0648 \u0627\u0644\u0643\u0634\u0641 \u0639\u0646\u0647\u0627<\/p>\n<p class=\"translation-block\"><strong class=\"privacy-policy-tutorial\">\u062d\u0642\u0648\u0642\u0643:<\/strong> \u0627\u0644\u0648\u0635\u0648\u0644\u060c \u0627\u0644\u062a\u0635\u062d\u064a\u062d\u060c \u0627\u0644\u062d\u0630\u0641\u060c \u0627\u0644\u0645\u0639\u0627\u0631\u0636\u0629<br>\u0644\u0644\u062a\u0648\u0627\u0635\u0644:  \u0627\u0644\u0628\u0631\u064a\u062f \u0627\u0644\u0625\u0644\u0643\u062a\u0631\u0648\u0646\u064a, \u0627\u0644\u0647\u0627\u062a\u0641 <br>info@goldivia.com <br>  (+212) 661-877 632<\/p>\n<p class=\"translation-block\"><strong class=\"privacy-policy-tutorial\">\u0627\u0644\u0645\u0633\u0624\u0648\u0644\u064a\u0627\u062a \/ \u0627\u0644\u0642\u064a\u0648\u062f: <\/strong>\u062a\u0628\u0630\u0644 \u0634\u0631\u0643\u0629 \u062c\u0648\u0644\u062f\u064a\u0641\u064a\u0627 \u0642\u0635\u0627\u0631\u0649 \u062c\u0647\u062f\u0647\u0627 \u0644\u0636\u0645\u0627\u0646 \u0639\u0645\u0644 \u0627\u0644\u0645\u0648\u0642\u0639 \u0628\u0634\u0643\u0644 \u0635\u062d\u064a\u062d\u060c \u0648\u0644\u0643\u0646\u0647\u0627 \u0644\u0627 \u062a\u0636\u0645\u0646 \u0639\u062f\u0645 \u0648\u062c\u0648\u062f \u0623\u062e\u0637\u0627\u0621 \u0623\u0648 \u0627\u0646\u0642\u0637\u0627\u0639\u0627\u062a \u0623\u0648 \u0641\u064a\u0631\u0648\u0633\u0627\u062a \u0648\u0645\u0627 \u0625\u0644\u0649 \u0630\u0644\u0643. \u0648\u0644\u0627 \u062a\u062a\u062d\u0645\u0644 \u062c\u0648\u0644\u062f\u064a\u0641\u064a\u0627\u060c \u062a\u062d\u062a \u0623\u064a \u0638\u0631\u0641 \u0645\u0646 \u0627\u0644\u0638\u0631\u0648\u0641\u060c \u0645\u0633\u0624\u0648\u0644\u064a\u0629 \u0627\u0644\u0623\u0636\u0631\u0627\u0631 \u063a\u064a\u0631 \u0627\u0644\u0645\u0628\u0627\u0634\u0631\u0629 \u0623\u0648 \u062e\u0633\u0627\u0631\u0629 \u0627\u0644\u0623\u0631\u0628\u0627\u062d \u0623\u0648 \u0641\u0642\u062f\u0627\u0646 \u0627\u0644\u0628\u064a\u0627\u0646\u0627\u062a \u0648\u0645\u0627 \u0625\u0644\u0649 \u0630\u0644\u0643<\/p>\n<p class=\"translation-block\"><strong class=\"privacy-policy-tutorial\">\u062a\u063a\u064a\u064a\u0631\u0627\u062a \u0627\u0644\u0633\u064a\u0627\u0633\u0629: <\/strong>\u0646\u0634\u0631 \u0627\u0644\u0625\u0635\u062f\u0627\u0631\u0627\u062a \u0627\u0644\u062c\u062f\u064a\u062f\u0629 \u0639\u0644\u0649 \u0647\u0630\u0647 \u0627\u0644\u0635\u0641\u062d\u0629<\/p>\n\n<h2 class=\"wp-block-heading\">4. \u0627\u0644\u0642\u0627\u0646\u0648\u0646 \u0627\u0644\u0645\u0637\u0628\u0642 \u0648\u0627\u0644\u0646\u0632\u0627\u0639\u0627\u062a<\/h2>\n\n<p class=\"translation-block\">\u062a\u062e\u0636\u0639 \u0627\u0644\u0634\u0631\u0648\u0637 \u0648\u0627\u0644\u0623\u062d\u0643\u0627\u0645 \u0627\u0644\u0639\u0627\u0645\u0629 \u0644\u0644\u0642\u0627\u0646\u0648\u0646 \u0627\u0644\u0645\u063a\u0631\u0628\u064a. \u0641\u064a \u062d\u0627\u0644\u0629 \u062d\u062f\u0648\u062b \u0646\u0632\u0627\u0639\u060c \u0633\u064a\u062a\u0645 \u0627\u0644\u0633\u0639\u064a \u0625\u0644\u0649 \u062d\u0644 \u0648\u062f\u064a \u0643\u0623\u0648\u0644\u0648\u064a\u0629 \u0639\u0644\u0649 \u0623\u064a \u0625\u062c\u0631\u0627\u0621 \u0642\u0627\u0646\u0648\u0646\u064a. \u0644\u0644\u0642\u064a\u0627\u0645 \u0628\u0630\u0644\u0643\u060c \u064a\u0645\u0643\u0646 \u0644\u0644\u0645\u0634\u062a\u0631\u064a \u0623\u0648\u0644\u0627\u064b \u0627\u0644\u0627\u062a\u0635\u0627\u0644 \u0628\u062e\u062f\u0645\u0629 \u0627\u0644\u0639\u0645\u0644\u0627\u0621 \u0644\u062f\u064a\u0646\u0627 \u0639\u0644\u0649 \u0627\u0644\u0639\u0646\u0648\u0627\u0646 \u0627\u0644\u062a\u0627\u0644\u064a <br>Lotissement Admime\u060c Bloc C N\u00b0100\u060c 80150 A\u00eft Melloul, Maroc (+212) 661-877 632, info@goldivia.com<br>  \u0627\u0644\u0645\u063a\u0631\u0628, \u0641\u064a \u062d\u0627\u0644\u0629 \u0639\u062f\u0645 \u0627\u0644\u062a\u0648\u0635\u0644 \u0625\u0644\u0649 \u062d\u0644 \u0648\u062f\u064a \u0645\u0628\u0627\u0634\u0631\u0629 \u060c \u064a\u062a\u0645 \u0625\u0628\u0644\u0627\u063a \u0627\u0644\u0645\u0634\u062a\u0631\u064a \u0628\u0625\u0645\u0643\u0627\u0646\u064a\u0629 \u0627\u0644\u0628\u062f\u0621\u060c \u062d\u0633\u0628 \u0627\u062e\u062a\u064a\u0627\u0631\u0647\u060c \u0641\u064a \u0625\u062c\u0631\u0627\u0621 \u0628\u062f\u064a\u0644 \u0644\u062d\u0644 \u0627\u0644\u0646\u0632\u0627\u0639 \u0623\u0648 \u0625\u062c\u0631\u0627\u0621 \u0623\u0645\u0627\u0645 \u0627\u0644\u0645\u062d\u0643\u0645\u0629 \u0627\u0644\u0645\u062e\u062a\u0635\u0629\u060c \u0641\u064a \u062d\u0627\u0644\u0629 \u062d\u062f\u0648\u062b \u0646\u0632\u0627\u0639\u060c \u0645\u062d\u0643\u0645\u0629 \u0623\u0643\u0627\u062f\u064a\u0631\u060c \u0627\u0644\u0645\u063a\u0631\u0628<\/p>\t\t\t\t\t\t\t\t<\/div>\n\t\t\t\t\t<\/div>\n\t\t\t\t<\/div>\n\t\t\t\t<\/div>","protected":false},"excerpt":{"rendered":"<p>1. Mentions l\u00e9gales Goldivia.com est exploit\u00e9 par Goldivia. Activit\u00e9 : Vente de produits naturels &amp; biologiques (miel, huile d&rsquo;argan, p\u00e2tes<\/p>","protected":false},"author":10,"featured_media":0,"parent":0,"menu_order":0,"comment_status":"closed","ping_status":"closed","template":"","meta":{"_joinchat":[],"footnotes":""},"class_list":["post-3","page","type-page","status-publish","hentry"],"jetpack_sharing_enabled":true,"_links":{"self":[{"href":"https:\/\/goldivia.com\/ar\/wp-json\/wp\/v2\/pages\/3","targetHints":{"allow":["GET"]}}],"collection":[{"href":"https:\/\/goldivia.com\/ar\/wp-json\/wp\/v2\/pages"}],"about":[{"href":"https:\/\/goldivia.com\/ar\/wp-json\/wp\/v2\/types\/page"}],"author":[{"embeddable":true,"href":"https:\/\/goldivia.com\/ar\/wp-json\/wp\/v2\/users\/10"}],"replies":[{"embeddable":true,"href":"https:\/\/goldivia.com\/ar\/wp-json\/wp\/v2\/comments?post=3"}],"version-history":[{"count":18,"href":"https:\/\/goldivia.com\/ar\/wp-json\/wp\/v2\/pages\/3\/revisions"}],"predecessor-version":[{"id":1385,"href":"https:\/\/goldivia.com\/ar\/wp-json\/wp\/v2\/pages\/3\/revisions\/1385"}],"wp:attachment":[{"href":"https:\/\/goldivia.com\/ar\/wp-json\/wp\/v2\/media?parent=3"}],"curies":[{"name":"wp","href":"https:\/\/api.w.org\/{rel}","templated":true}]}}